{"id":934,"date":"2024-06-10T17:00:01","date_gmt":"2024-06-10T17:00:01","guid":{"rendered":"https:\/\/xtratheme.com\/lawyer\/?page_id=934"},"modified":"2025-07-01T17:37:03","modified_gmt":"2025-07-01T17:37:03","slug":"consulta","status":"publish","type":"page","link":"https:\/\/prestigioydistincion.co\/inicio\/consulta\/","title":{"rendered":"Consulta"},"content":{"rendered":"\t\t<div data-elementor-type=\"wp-page\" data-elementor-id=\"934\" class=\"elementor elementor-934\">\n\t\t\t\t\t\t<section class=\"elementor-section elementor-top-section elementor-element elementor-element-5aafceb elementor-section-boxed elementor-section-height-default elementor-section-height-default\" data-id=\"5aafceb\" data-element_type=\"section\" data-e-type=\"section\">\n\t\t\t\t\t\t<div class=\"elementor-container elementor-column-gap-default\">\n\t\t\t\t\t<div class=\"elementor-column elementor-col-66 elementor-top-column elementor-element elementor-element-28f2ac7\" data-id=\"28f2ac7\" data-element_type=\"column\" data-e-type=\"column\">\n\t\t\t<div class=\"elementor-widget-wrap elementor-element-populated\">\n\t\t\t\t\t\t<div class=\"elementor-element elementor-element-d48b14a elementor-widget elementor-widget-cz_gap\" data-id=\"d48b14a\" data-element_type=\"widget\" data-e-type=\"widget\" data-widget_type=\"cz_gap.default\">\n\t\t\t\t<div class=\"elementor-widget-container\">\n\t\t\t\t\t<div class=\"cz_gap clr\"><\/div>\t\t\t\t<\/div>\n\t\t\t\t<\/div>\n\t\t\t\t<div class=\"elementor-element elementor-element-9cfb248 elementor-widget elementor-widget-cz_title\" data-id=\"9cfb248\" data-element_type=\"widget\" data-e-type=\"widget\" data-widget_type=\"cz_title.default\">\n\t\t\t\t<div class=\"elementor-widget-container\">\n\t\t\t\t\t\t\r\n\t\t<div>\r\n\t\t\t<div class=\"cz_title clr cz_mobile_text_center cz_title_pos_inline\"><div class=\"cz_title_content\"><div class=\"cz_wpe_content\"><h3><span style=\"font-size: 38px;\">Cons\u00faltenos<\/span><\/h3><p>Evaluaremos y responderemos a su pregunta o consulta a la brevedad posible.<\/p><\/div><\/div><\/div>\r\n\t\t<\/div>\r\n\t\t\r\n\t\t\t\t\t\t<\/div>\n\t\t\t\t<\/div>\n\t\t\t\t<div class=\"elementor-element elementor-element-513abfa elementor-widget elementor-widget-cz_contact_form_7\" data-id=\"513abfa\" data-element_type=\"widget\" data-e-type=\"widget\" data-widget_type=\"cz_contact_form_7.default\">\n\t\t\t\t<div class=\"elementor-widget-container\">\n\t\t\t\t\t\t\t<div class=\"cz_cf7 clr\">\r\n\t\t\t<div>\n<div class=\"wpcf7 no-js\" id=\"wpcf7-f1921-o1\" lang=\"es-ES\" dir=\"ltr\" data-wpcf7-id=\"1921\">\n<div class=\"screen-reader-response\"><p role=\"status\" aria-live=\"polite\" aria-atomic=\"true\"><\/p> <ul><\/ul><\/div>\n<form action=\"\/inicio\/wp-json\/wp\/v2\/pages\/934#wpcf7-f1921-o1\" method=\"post\" class=\"wpcf7-form init\" aria-label=\"Formulario de contacto\" novalidate=\"novalidate\" data-status=\"init\">\n<fieldset class=\"hidden-fields-container\"><input type=\"hidden\" name=\"_wpcf7\" value=\"1921\" \/><input type=\"hidden\" name=\"_wpcf7_version\" value=\"6.1.5\" \/><input type=\"hidden\" name=\"_wpcf7_locale\" value=\"es_ES\" \/><input type=\"hidden\" name=\"_wpcf7_unit_tag\" value=\"wpcf7-f1921-o1\" \/><input type=\"hidden\" name=\"_wpcf7_container_post\" value=\"0\" \/><input type=\"hidden\" name=\"_wpcf7_posted_data_hash\" value=\"\" \/><input type=\"hidden\" name=\"_wpcf7_recaptcha_response\" value=\"\" \/>\n<\/fieldset>\n<p><label> Nombre<br \/>\n<span class=\"wpcf7-form-control-wrap\" data-name=\"your-name\"><input size=\"40\" maxlength=\"400\" class=\"wpcf7-form-control wpcf7-text wpcf7-validates-as-required\" autocomplete=\"name\" aria-required=\"true\" aria-invalid=\"false\" value=\"\" type=\"text\" name=\"your-name\" \/><\/span> <\/label>\n<\/p>\n<p><label> Correo Electr\u00f3nico<br \/>\n<span class=\"wpcf7-form-control-wrap\" data-name=\"your-email\"><input size=\"40\" maxlength=\"400\" class=\"wpcf7-form-control wpcf7-email wpcf7-validates-as-required wpcf7-text wpcf7-validates-as-email\" autocomplete=\"email\" aria-required=\"true\" aria-invalid=\"false\" value=\"\" type=\"email\" name=\"your-email\" \/><\/span> <\/label>\n<\/p>\n<p><label> Tel\u00e9fono<br \/>\n<span class=\"wpcf7-form-control-wrap\" data-name=\"your-phone\"><input size=\"40\" maxlength=\"400\" class=\"wpcf7-form-control wpcf7-text wpcf7-validates-as-required\" aria-required=\"true\" aria-invalid=\"false\" value=\"\" type=\"text\" name=\"your-phone\" \/><\/span> <\/label>\n<\/p>\n<p><label> Asunto<br \/>\n<span class=\"wpcf7-form-control-wrap\" data-name=\"your-subject\"><input size=\"40\" maxlength=\"400\" class=\"wpcf7-form-control wpcf7-text wpcf7-validates-as-required\" aria-required=\"true\" aria-invalid=\"false\" value=\"\" type=\"text\" name=\"your-subject\" \/><\/span> <\/label>\n<\/p>\n<p><label> Mensaje o Consulta (Obligatorio)<br \/>\n<span class=\"wpcf7-form-control-wrap\" data-name=\"your-message\"><textarea cols=\"40\" rows=\"10\" maxlength=\"2000\" class=\"wpcf7-form-control wpcf7-textarea\" aria-invalid=\"false\" name=\"your-message\"><\/textarea><\/span> <\/label>\n<\/p>\n<p><label> Por favor resuelva el Captcha<br \/>\n\t<span class=\"wpcf7-form-control-wrap recaptcha\" data-name=\"recaptcha\"><span data-sitekey=\"6LfHMoMrAAAAAIlI4GfRNuStpKiv_ZOVGAL9ELcP\" class=\"wpcf7-form-control wpcf7-recaptcha g-recaptcha\"><\/span>\r\n<noscript>\r\n\t<div class=\"grecaptcha-noscript\">\r\n\t\t<iframe src=\"https:\/\/www.google.com\/recaptcha\/api\/fallback?k=6LfHMoMrAAAAAIlI4GfRNuStpKiv_ZOVGAL9ELcP\" frameborder=\"0\" scrolling=\"no\" width=\"310\" height=\"430\">\r\n\t\t<\/iframe>\r\n\t\t<textarea name=\"g-recaptcha-response\" rows=\"3\" cols=\"40\" placeholder=\"Aqu\u00ed la respuesta de reCAPTCHA\">\r\n\t\t<\/textarea>\r\n\t<\/div>\r\n<\/noscript>\r\n<\/span><br \/>\n<input class=\"wpcf7-form-control wpcf7-submit has-spinner\" type=\"submit\" value=\"Enviar\" \/><\/label>\n<\/p><div class=\"wpcf7-response-output\" aria-hidden=\"true\"><\/div>\n<\/form>\n<\/div>\n<\/div>\r\n\t\t<\/div>\r\n\t\t\t\t\t\t<\/div>\n\t\t\t\t<\/div>\n\t\t\t\t\t<\/div>\n\t\t<\/div>\n\t\t\t\t<div class=\"elementor-column elementor-col-33 elementor-top-column elementor-element elementor-element-03e3b73\" data-id=\"03e3b73\" data-element_type=\"column\" data-e-type=\"column\" data-settings=\"{&quot;background_background&quot;:&quot;gradient&quot;}\">\n\t\t\t<div class=\"elementor-widget-wrap elementor-element-populated\">\n\t\t\t\t\t\t<div class=\"elementor-element elementor-element-1f1195a elementor-widget elementor-widget-cz_title\" data-id=\"1f1195a\" data-element_type=\"widget\" data-e-type=\"widget\" data-widget_type=\"cz_title.default\">\n\t\t\t\t<div class=\"elementor-widget-container\">\n\t\t\t\t\t\t\r\n\t\t<div>\r\n\t\t\t<div class=\"cz_title clr cz_title_has_icon cz_title_pos_inline\"><a href=\"tel:001800333445\"><div class=\"cz_title_content\"><i class=\"cz_title_icon_before fa czico-092-phone-call-1\"><\/i><div class=\"cz_wpe_content\"><h3><span style=\"color: #ffffff;\">Tel\u00e9fono<\/span><\/h3><p><span style=\"color: #ffffff;\"><span style=\"font-size: 16px;\">+57 <\/span>601 213 3199<\/span><\/p><\/div><\/div><\/a><\/div>\r\n\t\t<\/div>\r\n\t\t\r\n\t\t\t\t\t\t<\/div>\n\t\t\t\t<\/div>\n\t\t\t\t<div class=\"elementor-element elementor-element-daf3518 elementor-widget elementor-widget-cz_title\" data-id=\"daf3518\" data-element_type=\"widget\" data-e-type=\"widget\" data-widget_type=\"cz_title.default\">\n\t\t\t\t<div class=\"elementor-widget-container\">\n\t\t\t\t\t\t\r\n\t\t<div>\r\n\t\t\t<div class=\"cz_title clr cz_title_has_icon cz_title_pos_inline\"><a href=\"tel:+1800333446\"><div class=\"cz_title_content\"><i class=\"cz_title_icon_before czi czico-013-whatsapp-logo\"><\/i><div class=\"cz_wpe_content\"><h3><span style=\"color: #ffffff;\">WhatsApp<\/span><\/h3><p><span style=\"font-size: 16px; color: #ffffff;\">+57\u00a0 313 815 0744<\/span><\/p><\/div><\/div><\/a><\/div>\r\n\t\t<\/div>\r\n\t\t\r\n\t\t\t\t\t\t<\/div>\n\t\t\t\t<\/div>\n\t\t\t\t<div class=\"elementor-element elementor-element-5901475 elementor-widget elementor-widget-cz_title\" data-id=\"5901475\" data-element_type=\"widget\" data-e-type=\"widget\" data-widget_type=\"cz_title.default\">\n\t\t\t\t<div class=\"elementor-widget-container\">\n\t\t\t\t\t\t\r\n\t\t<div>\r\n\t\t\t<div class=\"cz_title clr cz_title_has_icon cz_title_pos_inline\"><a href=\"mailto:info@thelawtheme.com\"><div class=\"cz_title_content\"><i class=\"cz_title_icon_before fa czico-088-envelope-of-white-paper\"><\/i><div class=\"cz_wpe_content\"><h3><span style=\"color: #ffffff;\">Email<\/span><\/h3><p><span style=\"font-size: 16px; color: #ffffff;\">info@prestigioydistincion.co<\/span><\/p><\/div><\/div><\/a><\/div>\r\n\t\t<\/div>\r\n\t\t\r\n\t\t\t\t\t\t<\/div>\n\t\t\t\t<\/div>\n\t\t\t\t\t<\/div>\n\t\t<\/div>\n\t\t\t\t\t<\/div>\n\t\t<\/section>\n\t\t\t\t<\/div>\n\t\t","protected":false},"excerpt":{"rendered":"<p>Cons\u00faltenos Evaluaremos y responderemos a su pregunta o consulta a la &#8230; <\/p>\n","protected":false},"author":1,"featured_media":0,"parent":0,"menu_order":0,"comment_status":"closed","ping_status":"closed","template":"","meta":{"nf_dc_page":"","om_disable_all_campaigns":false,"pagelayer_contact_templates":[],"_pagelayer_content":"","footnotes":""},"class_list":["post-934","page","type-page","status-publish","hentry"],"yoast_head":"<!-- This site is optimized with the Yoast SEO plugin v27.6 - https:\/\/yoast.com\/product\/yoast-seo-wordpress\/ -->\n<title>Consulta - Prestigio y Distinci\u00f3n - Protocolo y Etiqueta Bogot\u00e1 Adriana Otero<\/title>\n<meta name=\"robots\" content=\"index, follow, max-snippet:-1, max-image-preview:large, max-video-preview:-1\" \/>\n<link rel=\"canonical\" href=\"https:\/\/prestigioydistincion.co\/inicio\/consulta\/\" \/>\n<meta property=\"og:locale\" content=\"es_ES\" \/>\n<meta property=\"og:type\" content=\"article\" \/>\n<meta property=\"og:title\" content=\"Consulta - Prestigio y Distinci\u00f3n - Protocolo y Etiqueta Bogot\u00e1 Adriana Otero\" \/>\n<meta property=\"og:description\" content=\"Cons\u00faltenos Evaluaremos y responderemos a su pregunta o consulta a la ...\" \/>\n<meta property=\"og:url\" content=\"https:\/\/prestigioydistincion.co\/inicio\/consulta\/\" \/>\n<meta property=\"og:site_name\" content=\"Prestigio y Distinci\u00f3n - Protocolo y Etiqueta Bogot\u00e1 Adriana Otero\" \/>\n<meta property=\"article:modified_time\" content=\"2025-07-01T17:37:03+00:00\" \/>\n<meta property=\"og:image\" content=\"https:\/\/prestigioydistincion.co\/inicio\/wp-content\/plugins\/ds-cf7-math-captcha\/assets\/img\/icons8-refresh-30.png\" \/>\n<meta name=\"twitter:card\" content=\"summary_large_image\" \/>\n<meta name=\"twitter:label1\" content=\"Tiempo de lectura\" \/>\n\t<meta name=\"twitter:data1\" content=\"1 minuto\" \/>\n<script type=\"application\/ld+json\" class=\"yoast-schema-graph\">{\"@context\":\"https:\\\/\\\/schema.org\",\"@graph\":[{\"@type\":\"WebPage\",\"@id\":\"https:\\\/\\\/prestigioydistincion.co\\\/inicio\\\/consulta\\\/\",\"url\":\"https:\\\/\\\/prestigioydistincion.co\\\/inicio\\\/consulta\\\/\",\"name\":\"Consulta - Prestigio y Distinci\u00f3n - Protocolo y Etiqueta Bogot\u00e1 Adriana Otero\",\"isPartOf\":{\"@id\":\"https:\\\/\\\/prestigioydistincion.co\\\/inicio\\\/#website\"},\"primaryImageOfPage\":{\"@id\":\"https:\\\/\\\/prestigioydistincion.co\\\/inicio\\\/consulta\\\/#primaryimage\"},\"image\":{\"@id\":\"https:\\\/\\\/prestigioydistincion.co\\\/inicio\\\/consulta\\\/#primaryimage\"},\"thumbnailUrl\":\"https:\\\/\\\/prestigioydistincion.co\\\/inicio\\\/wp-content\\\/plugins\\\/ds-cf7-math-captcha\\\/assets\\\/img\\\/icons8-refresh-30.png\",\"datePublished\":\"2024-06-10T17:00:01+00:00\",\"dateModified\":\"2025-07-01T17:37:03+00:00\",\"breadcrumb\":{\"@id\":\"https:\\\/\\\/prestigioydistincion.co\\\/inicio\\\/consulta\\\/#breadcrumb\"},\"inLanguage\":\"es\",\"potentialAction\":[{\"@type\":\"ReadAction\",\"target\":[\"https:\\\/\\\/prestigioydistincion.co\\\/inicio\\\/consulta\\\/\"]}]},{\"@type\":\"ImageObject\",\"inLanguage\":\"es\",\"@id\":\"https:\\\/\\\/prestigioydistincion.co\\\/inicio\\\/consulta\\\/#primaryimage\",\"url\":\"https:\\\/\\\/prestigioydistincion.co\\\/inicio\\\/wp-content\\\/plugins\\\/ds-cf7-math-captcha\\\/assets\\\/img\\\/icons8-refresh-30.png\",\"contentUrl\":\"https:\\\/\\\/prestigioydistincion.co\\\/inicio\\\/wp-content\\\/plugins\\\/ds-cf7-math-captcha\\\/assets\\\/img\\\/icons8-refresh-30.png\"},{\"@type\":\"BreadcrumbList\",\"@id\":\"https:\\\/\\\/prestigioydistincion.co\\\/inicio\\\/consulta\\\/#breadcrumb\",\"itemListElement\":[{\"@type\":\"ListItem\",\"position\":1,\"name\":\"Home\",\"item\":\"https:\\\/\\\/prestigioydistincion.co\\\/inicio\\\/\"},{\"@type\":\"ListItem\",\"position\":2,\"name\":\"Consulta\"}]},{\"@type\":\"WebSite\",\"@id\":\"https:\\\/\\\/prestigioydistincion.co\\\/inicio\\\/#website\",\"url\":\"https:\\\/\\\/prestigioydistincion.co\\\/inicio\\\/\",\"name\":\"Prestigio y Distinci\u00f3n - Protocolo y Etiqueta Bogot\u00e1 Adriana Otero\",\"description\":\"\",\"potentialAction\":[{\"@type\":\"SearchAction\",\"target\":{\"@type\":\"EntryPoint\",\"urlTemplate\":\"https:\\\/\\\/prestigioydistincion.co\\\/inicio\\\/?s={search_term_string}\"},\"query-input\":{\"@type\":\"PropertyValueSpecification\",\"valueRequired\":true,\"valueName\":\"search_term_string\"}}],\"inLanguage\":\"es\"}]}<\/script>\n<!-- \/ Yoast SEO plugin. -->","yoast_head_json":{"title":"Consulta - Prestigio y Distinci\u00f3n - Protocolo y Etiqueta Bogot\u00e1 Adriana Otero","robots":{"index":"index","follow":"follow","max-snippet":"max-snippet:-1","max-image-preview":"max-image-preview:large","max-video-preview":"max-video-preview:-1"},"canonical":"https:\/\/prestigioydistincion.co\/inicio\/consulta\/","og_locale":"es_ES","og_type":"article","og_title":"Consulta - Prestigio y Distinci\u00f3n - Protocolo y Etiqueta Bogot\u00e1 Adriana Otero","og_description":"Cons\u00faltenos Evaluaremos y responderemos a su pregunta o consulta a la ...","og_url":"https:\/\/prestigioydistincion.co\/inicio\/consulta\/","og_site_name":"Prestigio y Distinci\u00f3n - Protocolo y Etiqueta Bogot\u00e1 Adriana Otero","article_modified_time":"2025-07-01T17:37:03+00:00","og_image":[{"url":"https:\/\/prestigioydistincion.co\/inicio\/wp-content\/plugins\/ds-cf7-math-captcha\/assets\/img\/icons8-refresh-30.png","type":"","width":"","height":""}],"twitter_card":"summary_large_image","twitter_misc":{"Tiempo de lectura":"1 minuto"},"schema":{"@context":"https:\/\/schema.org","@graph":[{"@type":"WebPage","@id":"https:\/\/prestigioydistincion.co\/inicio\/consulta\/","url":"https:\/\/prestigioydistincion.co\/inicio\/consulta\/","name":"Consulta - Prestigio y Distinci\u00f3n - Protocolo y Etiqueta Bogot\u00e1 Adriana Otero","isPartOf":{"@id":"https:\/\/prestigioydistincion.co\/inicio\/#website"},"primaryImageOfPage":{"@id":"https:\/\/prestigioydistincion.co\/inicio\/consulta\/#primaryimage"},"image":{"@id":"https:\/\/prestigioydistincion.co\/inicio\/consulta\/#primaryimage"},"thumbnailUrl":"https:\/\/prestigioydistincion.co\/inicio\/wp-content\/plugins\/ds-cf7-math-captcha\/assets\/img\/icons8-refresh-30.png","datePublished":"2024-06-10T17:00:01+00:00","dateModified":"2025-07-01T17:37:03+00:00","breadcrumb":{"@id":"https:\/\/prestigioydistincion.co\/inicio\/consulta\/#breadcrumb"},"inLanguage":"es","potentialAction":[{"@type":"ReadAction","target":["https:\/\/prestigioydistincion.co\/inicio\/consulta\/"]}]},{"@type":"ImageObject","inLanguage":"es","@id":"https:\/\/prestigioydistincion.co\/inicio\/consulta\/#primaryimage","url":"https:\/\/prestigioydistincion.co\/inicio\/wp-content\/plugins\/ds-cf7-math-captcha\/assets\/img\/icons8-refresh-30.png","contentUrl":"https:\/\/prestigioydistincion.co\/inicio\/wp-content\/plugins\/ds-cf7-math-captcha\/assets\/img\/icons8-refresh-30.png"},{"@type":"BreadcrumbList","@id":"https:\/\/prestigioydistincion.co\/inicio\/consulta\/#breadcrumb","itemListElement":[{"@type":"ListItem","position":1,"name":"Home","item":"https:\/\/prestigioydistincion.co\/inicio\/"},{"@type":"ListItem","position":2,"name":"Consulta"}]},{"@type":"WebSite","@id":"https:\/\/prestigioydistincion.co\/inicio\/#website","url":"https:\/\/prestigioydistincion.co\/inicio\/","name":"Prestigio y Distinci\u00f3n - Protocolo y Etiqueta Bogot\u00e1 Adriana Otero","description":"","potentialAction":[{"@type":"SearchAction","target":{"@type":"EntryPoint","urlTemplate":"https:\/\/prestigioydistincion.co\/inicio\/?s={search_term_string}"},"query-input":{"@type":"PropertyValueSpecification","valueRequired":true,"valueName":"search_term_string"}}],"inLanguage":"es"}]}},"_links":{"self":[{"href":"https:\/\/prestigioydistincion.co\/inicio\/wp-json\/wp\/v2\/pages\/934","targetHints":{"allow":["GET"]}}],"collection":[{"href":"https:\/\/prestigioydistincion.co\/inicio\/wp-json\/wp\/v2\/pages"}],"about":[{"href":"https:\/\/prestigioydistincion.co\/inicio\/wp-json\/wp\/v2\/types\/page"}],"author":[{"embeddable":true,"href":"https:\/\/prestigioydistincion.co\/inicio\/wp-json\/wp\/v2\/users\/1"}],"replies":[{"embeddable":true,"href":"https:\/\/prestigioydistincion.co\/inicio\/wp-json\/wp\/v2\/comments?post=934"}],"version-history":[{"count":5,"href":"https:\/\/prestigioydistincion.co\/inicio\/wp-json\/wp\/v2\/pages\/934\/revisions"}],"predecessor-version":[{"id":1924,"href":"https:\/\/prestigioydistincion.co\/inicio\/wp-json\/wp\/v2\/pages\/934\/revisions\/1924"}],"wp:attachment":[{"href":"https:\/\/prestigioydistincion.co\/inicio\/wp-json\/wp\/v2\/media?parent=934"}],"curies":[{"name":"wp","href":"https:\/\/api.w.org\/{rel}","templated":true}]}}